{"id":38995,"date":"2022-02-13T17:02:45","date_gmt":"2022-02-13T17:02:45","guid":{"rendered":"https:\/\/www.microsula.com\/?page_id=38995"},"modified":"2022-02-14T00:16:59","modified_gmt":"2022-02-14T00:16:59","slug":"graficos","status":"publish","type":"page","link":"https:\/\/www.microsula.com\/hn\/servicios\/graficos\/","title":{"rendered":"Gr\u00e1ficos"},"content":{"rendered":"\t\t<div data-elementor-type=\"wp-page\" data-elementor-id=\"38995\" class=\"elementor elementor-38995 elementor-37941\" data-elementor-settings=\"[]\">\n\t\t\t\t\t\t<div class=\"elementor-inner\">\n\t\t\t\t\t\t\t<div class=\"elementor-section-wrap\">\n\t\t\t\t\t\t\t<section class=\"elementor-section elementor-top-section elementor-element elementor-element-e00e14e elementor-section-stretched elementor-section-boxed elementor-section-height-default elementor-section-height-default\" data-id=\"e00e14e\" data-element_type=\"section\" data-settings=\"{&quot;background_background&quot;:&quot;classic&quot;,&quot;stretch_section&quot;:&quot;section-stretched&quot;}\">\n\t\t\t\t\t\t<div class=\"elementor-container elementor-column-gap-default\">\n\t\t\t\t\t\t\t<div class=\"elementor-row\">\n\t\t\t\t\t<div class=\"elementor-column elementor-col-50 elementor-top-column elementor-element elementor-element-ac5a9be radiantthemes-retina\" data-id=\"ac5a9be\" data-element_type=\"column\">\n\t\t\t<div class=\"elementor-column-wrap elementor-element-populated\">\n\t\t\t\t\t\t\t<div class=\"elementor-widget-wrap\">\n\t\t\t\t\t\t<section class=\"elementor-section elementor-inner-section elementor-element elementor-element-42e6d81 elementor-section-boxed elementor-section-height-default elementor-section-height-default elementor-invisible\" data-id=\"42e6d81\" data-element_type=\"section\" data-settings=\"{&quot;animation&quot;:&quot;fadeInDown&quot;,&quot;animation_delay&quot;:300}\">\n\t\t\t\t\t\t<div class=\"elementor-container elementor-column-gap-default\">\n\t\t\t\t\t\t\t<div class=\"elementor-row\">\n\t\t\t\t\t<div class=\"elementor-column elementor-col-100 elementor-inner-column elementor-element elementor-element-947188f\" data-id=\"947188f\" data-element_type=\"column\">\n\t\t\t<div class=\"elementor-column-wrap elementor-element-populated\">\n\t\t\t\t\t\t\t<div class=\"elementor-widget-wrap\">\n\t\t\t\t\t\t<div class=\"elementor-element elementor-element-fb41665 elementor-widget elementor-widget-image\" data-id=\"fb41665\" data-element_type=\"widget\" data-widget_type=\"image.default\">\n\t\t\t\t<div class=\"elementor-widget-container\">\n\t\t\t\t\t<div class=\"elementor-image\">\n\t\t\t\t\t\t\t\t\t\t<img width=\"512\" height=\"512\" src=\"https:\/\/www.microsula.com\/wp-content\/uploads\/2022\/02\/marketing-service-01.png\" class=\"attachment-large size-large\" alt=\"\" loading=\"lazy\" srcset=\"https:\/\/www.microsula.com\/wp-content\/uploads\/2022\/02\/marketing-service-01.png 512w, https:\/\/www.microsula.com\/wp-content\/uploads\/2022\/02\/marketing-service-01-300x300.png 300w, https:\/\/www.microsula.com\/wp-content\/uploads\/2022\/02\/marketing-service-01-150x150.png 150w, https:\/\/www.microsula.com\/wp-content\/uploads\/2022\/02\/marketing-service-01-100x100.png 100w\" sizes=\"(max-width: 512px) 100vw, 512px\" \/>\t\t\t\t\t\t\t\t\t\t\t<\/div>\n\t\t\t\t<\/div>\n\t\t\t\t<\/div>\n\t\t\t\t\t\t<\/div>\n\t\t\t\t\t<\/div>\n\t\t<\/div>\n\t\t\t\t\t\t\t\t<\/div>\n\t\t\t\t\t<\/div>\n\t\t<\/section>\n\t\t\t\t\t\t<\/div>\n\t\t\t\t\t<\/div>\n\t\t<\/div>\n\t\t\t\t<div class=\"elementor-column elementor-col-50 elementor-top-column elementor-element elementor-element-540dd67\" data-id=\"540dd67\" data-element_type=\"column\">\n\t\t\t<div class=\"elementor-column-wrap elementor-element-populated\">\n\t\t\t\t\t\t\t<div class=\"elementor-widget-wrap\">\n\t\t\t\t\t\t<div class=\"elementor-element elementor-element-7bcf1f5 elementor-invisible elementor-widget elementor-widget-heading\" data-id=\"7bcf1f5\" data-element_type=\"widget\" data-settings=\"{&quot;_animation&quot;:&quot;fadeInUp&quot;,&quot;_animation_delay&quot;:400}\" data-widget_type=\"heading.default\">\n\t\t\t\t<div class=\"elementor-widget-container\">\n\t\t\t<h3 class=\"elementor-heading-title elementor-size-default\">Servicios de dise\u00f1o gr\u00e1fico<\/h3>\t\t<\/div>\n\t\t\t\t<\/div>\n\t\t\t\t<div class=\"elementor-element elementor-element-978cd6d elementor-invisible elementor-widget elementor-widget-text-editor\" data-id=\"978cd6d\" data-element_type=\"widget\" data-settings=\"{&quot;_animation&quot;:&quot;fadeInUp&quot;,&quot;_animation_delay&quot;:600}\" data-widget_type=\"text-editor.default\">\n\t\t\t\t<div class=\"elementor-widget-container\">\n\t\t\t\t\t<div class=\"elementor-text-editor elementor-clearfix\"><p>Es un mundo competitivo, y causar una buena primera impresi\u00f3n es vital para comunicar sus objetivos y establecer relaciones con clientes potenciales. Es por eso que desarrollar una imagen profesional y materiales llamativos es una parte esencial de una estrategia de marketing eficaz.<\/p><p>\u00a0<\/p><p>Nuestro equipo de dise\u00f1o trabaja en colaboraci\u00f3n para darle a su empresa una marca llamativa que lo coloque por delante de sus competidores. Desde logotipos hasta trabajos de impresi\u00f3n y empaques, ofrecemos productos inspirados y efectivos.<\/p><p>\u00a0<\/p><p>Nuestros servicios de dise\u00f1o gr\u00e1fico ofrecidos:<\/p><\/div>\n\t\t\t\t<\/div>\n\t\t\t\t<\/div>\n\t\t\t\t<div class=\"elementor-element elementor-element-6150286 elementor-widget elementor-widget-toggle\" data-id=\"6150286\" data-element_type=\"widget\" data-widget_type=\"toggle.default\">\n\t\t\t\t<div class=\"elementor-widget-container\">\n\t\t\t\t\t<div class=\"elementor-toggle\" role=\"tablist\">\n\t\t\t\t\t\t\t<div class=\"elementor-toggle-item\">\n\t\t\t\t\t<h6 id=\"elementor-tab-title-1021\" class=\"elementor-tab-title\" data-tab=\"1\" role=\"tab\" aria-controls=\"elementor-tab-content-1021\" aria-expanded=\"false\">\n\t\t\t\t\t\t\t\t\t\t\t\t<span class=\"elementor-toggle-icon elementor-toggle-icon-left\" aria-hidden=\"true\">\n\t\t\t\t\t\t\t\t\t\t\t\t\t\t\t<span class=\"elementor-toggle-icon-closed\"><i class=\"fas fa-caret-right\"><\/i><\/span>\n\t\t\t\t\t\t\t\t<span class=\"elementor-toggle-icon-opened\"><i class=\"elementor-toggle-icon-opened fas fa-caret-up\"><\/i><\/span>\n\t\t\t\t\t\t\t\t\t\t\t\t\t<\/span>\n\t\t\t\t\t\t\t\t\t\t\t\t<a href=\"\" class=\"elementor-toggle-title\">Logotipos y Marca<\/a>\n\t\t\t\t\t<\/h6>\n\t\t\t\t\t<div id=\"elementor-tab-content-1021\" class=\"elementor-tab-content elementor-clearfix\" data-tab=\"1\" role=\"tabpanel\" aria-labelledby=\"elementor-tab-title-1021\"><p>Desde Nike Swoosh hasta la manzana de Apple, el logotipo es una primera impresi\u00f3n visual de su marca. Hemos perfeccionado el proceso de creaci\u00f3n de logotipos y marcas inolvidables.<\/p><\/div>\n\t\t\t\t<\/div>\n\t\t\t\t\t\t\t<div class=\"elementor-toggle-item\">\n\t\t\t\t\t<h6 id=\"elementor-tab-title-1022\" class=\"elementor-tab-title\" data-tab=\"2\" role=\"tab\" aria-controls=\"elementor-tab-content-1022\" aria-expanded=\"false\">\n\t\t\t\t\t\t\t\t\t\t\t\t<span class=\"elementor-toggle-icon elementor-toggle-icon-left\" aria-hidden=\"true\">\n\t\t\t\t\t\t\t\t\t\t\t\t\t\t\t<span class=\"elementor-toggle-icon-closed\"><i class=\"fas fa-caret-right\"><\/i><\/span>\n\t\t\t\t\t\t\t\t<span class=\"elementor-toggle-icon-opened\"><i class=\"elementor-toggle-icon-opened fas fa-caret-up\"><\/i><\/span>\n\t\t\t\t\t\t\t\t\t\t\t\t\t<\/span>\n\t\t\t\t\t\t\t\t\t\t\t\t<a href=\"\" class=\"elementor-toggle-title\">Dise\u00f1o de infograf\u00edas<\/a>\n\t\t\t\t\t<\/h6>\n\t\t\t\t\t<div id=\"elementor-tab-content-1022\" class=\"elementor-tab-content elementor-clearfix\" data-tab=\"2\" role=\"tabpanel\" aria-labelledby=\"elementor-tab-title-1022\"><p>Las infograf\u00edas de alta calidad tienen 30 veces m\u00e1s probabilidades de ser le\u00eddas que el texto, por lo que nuestros dise\u00f1adores entienden c\u00f3mo transmitir ideas y datos de la manera m\u00e1s atractiva visualmente.<\/p><\/div>\n\t\t\t\t<\/div>\n\t\t\t\t\t\t\t<div class=\"elementor-toggle-item\">\n\t\t\t\t\t<h6 id=\"elementor-tab-title-1023\" class=\"elementor-tab-title\" data-tab=\"3\" role=\"tab\" aria-controls=\"elementor-tab-content-1023\" aria-expanded=\"false\">\n\t\t\t\t\t\t\t\t\t\t\t\t<span class=\"elementor-toggle-icon elementor-toggle-icon-left\" aria-hidden=\"true\">\n\t\t\t\t\t\t\t\t\t\t\t\t\t\t\t<span class=\"elementor-toggle-icon-closed\"><i class=\"fas fa-caret-right\"><\/i><\/span>\n\t\t\t\t\t\t\t\t<span class=\"elementor-toggle-icon-opened\"><i class=\"elementor-toggle-icon-opened fas fa-caret-up\"><\/i><\/span>\n\t\t\t\t\t\t\t\t\t\t\t\t\t<\/span>\n\t\t\t\t\t\t\t\t\t\t\t\t<a href=\"\" class=\"elementor-toggle-title\">Dise\u00f1o de impresi\u00f3n<\/a>\n\t\t\t\t\t<\/h6>\n\t\t\t\t\t<div id=\"elementor-tab-content-1023\" class=\"elementor-tab-content elementor-clearfix\" data-tab=\"3\" role=\"tabpanel\" aria-labelledby=\"elementor-tab-title-1023\"><p>Nos aseguramos de imprimir sus dise\u00f1os, desde folletos hasta invitaciones y tarjetas informativas, comunique su mensaje y convenza a sus clientes para que regresen.<\/p><\/div>\n\t\t\t\t<\/div>\n\t\t\t\t\t\t\t<div class=\"elementor-toggle-item\">\n\t\t\t\t\t<h6 id=\"elementor-tab-title-1024\" class=\"elementor-tab-title\" data-tab=\"4\" role=\"tab\" aria-controls=\"elementor-tab-content-1024\" aria-expanded=\"false\">\n\t\t\t\t\t\t\t\t\t\t\t\t<span class=\"elementor-toggle-icon elementor-toggle-icon-left\" aria-hidden=\"true\">\n\t\t\t\t\t\t\t\t\t\t\t\t\t\t\t<span class=\"elementor-toggle-icon-closed\"><i class=\"fas fa-caret-right\"><\/i><\/span>\n\t\t\t\t\t\t\t\t<span class=\"elementor-toggle-icon-opened\"><i class=\"elementor-toggle-icon-opened fas fa-caret-up\"><\/i><\/span>\n\t\t\t\t\t\t\t\t\t\t\t\t\t<\/span>\n\t\t\t\t\t\t\t\t\t\t\t\t<a href=\"\" class=\"elementor-toggle-title\">Tarjetas de presentaci\u00f3n<\/a>\n\t\t\t\t\t<\/h6>\n\t\t\t\t\t<div id=\"elementor-tab-content-1024\" class=\"elementor-tab-content elementor-clearfix\" data-tab=\"4\" role=\"tabpanel\" aria-labelledby=\"elementor-tab-title-1024\"><div class=\"wpb_text_column wpb_content_element \"><div class=\"wpb_wrapper\"><p>Ya sea que est\u00e9 haciendo un gran lanzamiento para conseguir un nuevo cliente, administrar una capacitaci\u00f3n, una identidad corporativa o dirigir un seminario, haremos que su informaci\u00f3n sea impactante y visualmente atractiva.<\/p><\/div><\/div><\/div>\n\t\t\t\t<\/div>\n\t\t\t\t\t<\/div>\n\t\t\t\t<\/div>\n\t\t\t\t<\/div>\n\t\t\t\t\t\t<\/div>\n\t\t\t\t\t<\/div>\n\t\t<\/div>\n\t\t\t\t\t\t\t\t<\/div>\n\t\t\t\t\t<\/div>\n\t\t<\/section>\n\t\t\t\t<section class=\"elementor-section elementor-top-section elementor-element elementor-element-e712d25 elementor-section-boxed elementor-section-height-default elementor-section-height-default\" data-id=\"e712d25\" data-element_type=\"section\" data-settings=\"{&quot;background_background&quot;:&quot;classic&quot;}\">\n\t\t\t\t\t\t<div class=\"elementor-container elementor-column-gap-default\">\n\t\t\t\t\t\t\t<div class=\"elementor-row\">\n\t\t\t\t\t<div class=\"elementor-column elementor-col-100 elementor-top-column elementor-element elementor-element-b128834\" data-id=\"b128834\" data-element_type=\"column\">\n\t\t\t<div class=\"elementor-column-wrap elementor-element-populated\">\n\t\t\t\t\t\t\t<div class=\"elementor-widget-wrap\">\n\t\t\t\t\t\t<section class=\"elementor-section elementor-inner-section elementor-element elementor-element-1ba3989 elementor-section-full_width elementor-section-height-default elementor-section-height-default\" data-id=\"1ba3989\" data-element_type=\"section\" data-settings=\"{&quot;background_background&quot;:&quot;classic&quot;}\">\n\t\t\t\t\t\t<div class=\"elementor-container elementor-column-gap-default\">\n\t\t\t\t\t\t\t<div class=\"elementor-row\">\n\t\t\t\t\t<div class=\"elementor-column elementor-col-50 elementor-inner-column elementor-element elementor-element-b9d2c42\" data-id=\"b9d2c42\" data-element_type=\"column\">\n\t\t\t<div class=\"elementor-column-wrap elementor-element-populated\">\n\t\t\t\t\t\t\t<div class=\"elementor-widget-wrap\">\n\t\t\t\t\t\t<div class=\"elementor-element elementor-element-5a8b17f elementor-invisible elementor-widget elementor-widget-heading\" data-id=\"5a8b17f\" data-element_type=\"widget\" data-settings=\"{&quot;_animation&quot;:&quot;fadeInUp&quot;,&quot;_animation_delay&quot;:200}\" data-widget_type=\"heading.default\">\n\t\t\t\t<div class=\"elementor-widget-container\">\n\t\t\t<h3 class=\"elementor-heading-title elementor-size-default\">\u00bfTienes un Proyecto en mente? Pong\u00e1monos a trabajar!<\/h3>\t\t<\/div>\n\t\t\t\t<\/div>\n\t\t\t\t<div class=\"elementor-element elementor-element-7b7b0b3 elementor-invisible elementor-widget elementor-widget-text-editor\" data-id=\"7b7b0b3\" data-element_type=\"widget\" data-settings=\"{&quot;_animation&quot;:&quot;fadeInUp&quot;,&quot;_animation_delay&quot;:400}\" data-widget_type=\"text-editor.default\">\n\t\t\t\t<div class=\"elementor-widget-container\">\n\t\t\t\t\t<div class=\"elementor-text-editor elementor-clearfix\"><p>Los proyectos pueden incluir infraestructura de TI, tecnolog\u00eda inform\u00e1tica y varios sistemas de informaci\u00f3n. El prop\u00f3sito detr\u00e1s de ellos es garantizar que todos sus activos funcionen de manera eficiente y efectiva, mientras administra su seguridad general.<\/p><\/div>\n\t\t\t\t<\/div>\n\t\t\t\t<\/div>\n\t\t\t\t\t\t<\/div>\n\t\t\t\t\t<\/div>\n\t\t<\/div>\n\t\t\t\t<div class=\"elementor-column elementor-col-50 elementor-inner-column elementor-element elementor-element-ef8dd79\" data-id=\"ef8dd79\" data-element_type=\"column\">\n\t\t\t<div class=\"elementor-column-wrap elementor-element-populated\">\n\t\t\t\t\t\t\t<div class=\"elementor-widget-wrap\">\n\t\t\t\t\t\t<div class=\"elementor-element elementor-element-6a9f65f elementor-invisible elementor-widget elementor-widget-radiant-custom-button\" data-id=\"6a9f65f\" data-element_type=\"widget\" data-settings=\"{&quot;_animation&quot;:&quot;fadeInUp&quot;,&quot;_animation_delay&quot;:300}\" data-widget_type=\"radiant-custom-button.default\">\n\t\t\t\t<div class=\"elementor-widget-container\">\n\t\t\t<div class=\"radiantthemes-custom-button element-one hover-style-five  \" data-button-direction=\"center\" data-button-fullwidth=\"false\" ><a class=\"radiantthemes-custom-button-main\" href=\"https:\/\/www.microsula.com\/hn\/contactanos\/\"  target=\"_blank\" rel=\"nofollow\" ><div class=\"placeholder\">Cont\u00e1ctanos<\/div><\/a><\/div>\t\t<\/div>\n\t\t\t\t<\/div>\n\t\t\t\t\t\t<\/div>\n\t\t\t\t\t<\/div>\n\t\t<\/div>\n\t\t\t\t\t\t\t\t<\/div>\n\t\t\t\t\t<\/div>\n\t\t<\/section>\n\t\t\t\t\t\t<\/div>\n\t\t\t\t\t<\/div>\n\t\t<\/div>\n\t\t\t\t\t\t\t\t<\/div>\n\t\t\t\t\t<\/div>\n\t\t<\/section>\n\t\t\t\t\t\t<\/div>\n\t\t\t\t\t\t<\/div>\n\t\t\t\t\t<\/div>\n\t\t","protected":false},"excerpt":{"rendered":"<p>Servicios de dise\u00f1o gr\u00e1fico Es un mundo competitivo, y causar una buena primera impresi\u00f3n es vital para comunicar sus objetivos y establecer relaciones con clientes potenciales. Es por eso que desarrollar una imagen profesional y materiales llamativos es una parte esencial de una estrategia de marketing eficaz. \u00a0 Nuestro equipo de dise\u00f1o trabaja en colaboraci\u00f3n [&hellip;]<\/p>\n","protected":false},"author":1,"featured_media":0,"parent":38935,"menu_order":9,"comment_status":"closed","ping_status":"closed","template":"elementor_header_footer","meta":[],"yoast_head":"<!-- This site is optimized with the Yoast SEO Premium plugin v17.8 (Yoast SEO v18.1) - https:\/\/yoast.com\/wordpress\/plugins\/seo\/ -->\n<title>Gr\u00e1ficos | Microsula<\/title>\n<meta name=\"description\" content=\"Servicios de dise\u00f1o gr\u00e1fico   Es un mundo competitivo, y causar una buena primera impresi\u00f3n es vital para comunicar sus objetivos y establecer relaciones con clientes potenciales. Es por eso que desarrollar una imagen profesional y materiales llamativos es una parte esencial de una estrategia de mar\" \/>\n<meta name=\"robots\" content=\"index, follow, max-snippet:-1, max-image-preview:large, max-video-preview:-1\" \/>\n<link rel=\"canonical\" href=\"https:\/\/www.microsula.com\/hn\/servicios\/graficos\/\" \/>\n<meta property=\"og:locale\" content=\"es_ES\" \/>\n<meta property=\"og:type\" content=\"article\" \/>\n<meta property=\"og:title\" content=\"Gr\u00e1ficos\" \/>\n<meta property=\"og:description\" content=\"Servicios de dise\u00f1o gr\u00e1fico   Es un mundo competitivo, y causar una buena primera impresi\u00f3n es vital para comunicar sus objetivos y establecer relaciones con clientes potenciales. Es por eso que desarrollar una imagen profesional y materiales llamativos es una parte esencial de una estrategia de mar\" \/>\n<meta property=\"og:url\" content=\"https:\/\/www.microsula.com\/hn\/servicios\/graficos\/\" \/>\n<meta property=\"og:site_name\" content=\"Microsula\" \/>\n<meta property=\"article:publisher\" content=\"https:\/\/www.facebook.com\/microsula\/\" \/>\n<meta property=\"article:modified_time\" content=\"2022-02-14T00:16:59+00:00\" \/>\n<meta property=\"og:image\" content=\"https:\/\/www.microsula.com\/wp-content\/uploads\/2022\/02\/marketing-service-01.png\" \/>\n<meta name=\"twitter:card\" content=\"summary_large_image\" \/>\n<meta name=\"twitter:site\" content=\"@microsula\" \/>\n<meta name=\"twitter:label1\" content=\"Est. reading time\" \/>\n\t<meta name=\"twitter:data1\" content=\"1 minute\" \/>\n<script type=\"application\/ld+json\" class=\"yoast-schema-graph\">{\"@context\":\"https:\/\/schema.org\",\"@graph\":[{\"@type\":\"Organization\",\"@id\":\"https:\/\/www.microsula.com\/en\/#organization\",\"name\":\"Microsula\",\"url\":\"https:\/\/www.microsula.com\/en\/\",\"sameAs\":[\"https:\/\/www.facebook.com\/microsula\/\",\"https:\/\/www.linkedin.com\/company\/microsula\",\"https:\/\/twitter.com\/microsula\"],\"logo\":{\"@type\":\"ImageObject\",\"@id\":\"https:\/\/www.microsula.com\/en\/#logo\",\"inLanguage\":\"es-HN\",\"url\":\"https:\/\/www.microsula.com\/wp-content\/uploads\/2021\/12\/logo-dark.png\",\"contentUrl\":\"https:\/\/www.microsula.com\/wp-content\/uploads\/2021\/12\/logo-dark.png\",\"width\":419,\"height\":90,\"caption\":\"Microsula\"},\"image\":{\"@id\":\"https:\/\/www.microsula.com\/en\/#logo\"}},{\"@type\":\"WebSite\",\"@id\":\"https:\/\/www.microsula.com\/en\/#website\",\"url\":\"https:\/\/www.microsula.com\/en\/\",\"name\":\"Microsula\",\"description\":\"Your best partner in Cyber Technology\",\"publisher\":{\"@id\":\"https:\/\/www.microsula.com\/en\/#organization\"},\"potentialAction\":[{\"@type\":\"SearchAction\",\"target\":{\"@type\":\"EntryPoint\",\"urlTemplate\":\"https:\/\/www.microsula.com\/en\/?s={search_term_string}\"},\"query-input\":\"required name=search_term_string\"}],\"inLanguage\":\"es-HN\"},{\"@type\":\"ImageObject\",\"@id\":\"https:\/\/www.microsula.com\/hn\/servicios\/graficos\/#primaryimage\",\"inLanguage\":\"es-HN\",\"url\":\"https:\/\/www.microsula.com\/wp-content\/uploads\/2022\/02\/marketing-service-01.png\",\"contentUrl\":\"https:\/\/www.microsula.com\/wp-content\/uploads\/2022\/02\/marketing-service-01.png\",\"width\":512,\"height\":512},{\"@type\":\"WebPage\",\"@id\":\"https:\/\/www.microsula.com\/hn\/servicios\/graficos\/#webpage\",\"url\":\"https:\/\/www.microsula.com\/hn\/servicios\/graficos\/\",\"name\":\"Gr\u00e1ficos | Microsula\",\"isPartOf\":{\"@id\":\"https:\/\/www.microsula.com\/en\/#website\"},\"primaryImageOfPage\":{\"@id\":\"https:\/\/www.microsula.com\/hn\/servicios\/graficos\/#primaryimage\"},\"datePublished\":\"2022-02-13T17:02:45+00:00\",\"dateModified\":\"2022-02-14T00:16:59+00:00\",\"description\":\"Servicios de dise\u00f1o gr\u00e1fico Es un mundo competitivo, y causar una buena primera impresi\u00f3n es vital para comunicar sus objetivos y establecer relaciones con clientes potenciales. Es por eso que desarrollar una imagen profesional y materiales llamativos es una parte esencial de una estrategia de mar\",\"breadcrumb\":{\"@id\":\"https:\/\/www.microsula.com\/hn\/servicios\/graficos\/#breadcrumb\"},\"inLanguage\":\"es-HN\",\"potentialAction\":[{\"@type\":\"ReadAction\",\"target\":[\"https:\/\/www.microsula.com\/hn\/servicios\/graficos\/\"]}]},{\"@type\":\"BreadcrumbList\",\"@id\":\"https:\/\/www.microsula.com\/hn\/servicios\/graficos\/#breadcrumb\",\"itemListElement\":[{\"@type\":\"ListItem\",\"position\":1,\"name\":\"Inicio\",\"item\":\"https:\/\/www.microsula.com\/hn\/\"},{\"@type\":\"ListItem\",\"position\":2,\"name\":\"Servicios\",\"item\":\"https:\/\/www.microsula.com\/hn\/servicios\/\"},{\"@type\":\"ListItem\",\"position\":3,\"name\":\"Gr\u00e1ficos\"}]}]}<\/script>\n<!-- \/ Yoast SEO Premium plugin. -->","yoast_head_json":{"title":"Gr\u00e1ficos | Microsula","description":"Servicios de dise\u00f1o gr\u00e1fico   Es un mundo competitivo, y causar una buena primera impresi\u00f3n es vital para comunicar sus objetivos y establecer relaciones con clientes potenciales. Es por eso que desarrollar una imagen profesional y materiales llamativos es una parte esencial de una estrategia de mar","robots":{"index":"index","follow":"follow","max-snippet":"max-snippet:-1","max-image-preview":"max-image-preview:large","max-video-preview":"max-video-preview:-1"},"canonical":"https:\/\/www.microsula.com\/hn\/servicios\/graficos\/","og_locale":"es_ES","og_type":"article","og_title":"Gr\u00e1ficos","og_description":"Servicios de dise\u00f1o gr\u00e1fico   Es un mundo competitivo, y causar una buena primera impresi\u00f3n es vital para comunicar sus objetivos y establecer relaciones con clientes potenciales. Es por eso que desarrollar una imagen profesional y materiales llamativos es una parte esencial de una estrategia de mar","og_url":"https:\/\/www.microsula.com\/hn\/servicios\/graficos\/","og_site_name":"Microsula","article_publisher":"https:\/\/www.facebook.com\/microsula\/","article_modified_time":"2022-02-14T00:16:59+00:00","og_image":[{"url":"https:\/\/www.microsula.com\/wp-content\/uploads\/2022\/02\/marketing-service-01.png"}],"twitter_card":"summary_large_image","twitter_site":"@microsula","twitter_misc":{"Est. reading time":"1 minute"},"schema":{"@context":"https:\/\/schema.org","@graph":[{"@type":"Organization","@id":"https:\/\/www.microsula.com\/en\/#organization","name":"Microsula","url":"https:\/\/www.microsula.com\/en\/","sameAs":["https:\/\/www.facebook.com\/microsula\/","https:\/\/www.linkedin.com\/company\/microsula","https:\/\/twitter.com\/microsula"],"logo":{"@type":"ImageObject","@id":"https:\/\/www.microsula.com\/en\/#logo","inLanguage":"es-HN","url":"https:\/\/www.microsula.com\/wp-content\/uploads\/2021\/12\/logo-dark.png","contentUrl":"https:\/\/www.microsula.com\/wp-content\/uploads\/2021\/12\/logo-dark.png","width":419,"height":90,"caption":"Microsula"},"image":{"@id":"https:\/\/www.microsula.com\/en\/#logo"}},{"@type":"WebSite","@id":"https:\/\/www.microsula.com\/en\/#website","url":"https:\/\/www.microsula.com\/en\/","name":"Microsula","description":"Your best partner in Cyber Technology","publisher":{"@id":"https:\/\/www.microsula.com\/en\/#organization"},"potentialAction":[{"@type":"SearchAction","target":{"@type":"EntryPoint","urlTemplate":"https:\/\/www.microsula.com\/en\/?s={search_term_string}"},"query-input":"required name=search_term_string"}],"inLanguage":"es-HN"},{"@type":"ImageObject","@id":"https:\/\/www.microsula.com\/hn\/servicios\/graficos\/#primaryimage","inLanguage":"es-HN","url":"https:\/\/www.microsula.com\/wp-content\/uploads\/2022\/02\/marketing-service-01.png","contentUrl":"https:\/\/www.microsula.com\/wp-content\/uploads\/2022\/02\/marketing-service-01.png","width":512,"height":512},{"@type":"WebPage","@id":"https:\/\/www.microsula.com\/hn\/servicios\/graficos\/#webpage","url":"https:\/\/www.microsula.com\/hn\/servicios\/graficos\/","name":"Gr\u00e1ficos | Microsula","isPartOf":{"@id":"https:\/\/www.microsula.com\/en\/#website"},"primaryImageOfPage":{"@id":"https:\/\/www.microsula.com\/hn\/servicios\/graficos\/#primaryimage"},"datePublished":"2022-02-13T17:02:45+00:00","dateModified":"2022-02-14T00:16:59+00:00","description":"Servicios de dise\u00f1o gr\u00e1fico Es un mundo competitivo, y causar una buena primera impresi\u00f3n es vital para comunicar sus objetivos y establecer relaciones con clientes potenciales. Es por eso que desarrollar una imagen profesional y materiales llamativos es una parte esencial de una estrategia de mar","breadcrumb":{"@id":"https:\/\/www.microsula.com\/hn\/servicios\/graficos\/#breadcrumb"},"inLanguage":"es-HN","potentialAction":[{"@type":"ReadAction","target":["https:\/\/www.microsula.com\/hn\/servicios\/graficos\/"]}]},{"@type":"BreadcrumbList","@id":"https:\/\/www.microsula.com\/hn\/servicios\/graficos\/#breadcrumb","itemListElement":[{"@type":"ListItem","position":1,"name":"Inicio","item":"https:\/\/www.microsula.com\/hn\/"},{"@type":"ListItem","position":2,"name":"Servicios","item":"https:\/\/www.microsula.com\/hn\/servicios\/"},{"@type":"ListItem","position":3,"name":"Gr\u00e1ficos"}]}]}},"_links":{"self":[{"href":"https:\/\/www.microsula.com\/hn\/wp-json\/wp\/v2\/pages\/38995"}],"collection":[{"href":"https:\/\/www.microsula.com\/hn\/wp-json\/wp\/v2\/pages"}],"about":[{"href":"https:\/\/www.microsula.com\/hn\/wp-json\/wp\/v2\/types\/page"}],"author":[{"embeddable":true,"href":"https:\/\/www.microsula.com\/hn\/wp-json\/wp\/v2\/users\/1"}],"replies":[{"embeddable":true,"href":"https:\/\/www.microsula.com\/hn\/wp-json\/wp\/v2\/comments?post=38995"}],"version-history":[{"count":22,"href":"https:\/\/www.microsula.com\/hn\/wp-json\/wp\/v2\/pages\/38995\/revisions"}],"predecessor-version":[{"id":39262,"href":"https:\/\/www.microsula.com\/hn\/wp-json\/wp\/v2\/pages\/38995\/revisions\/39262"}],"up":[{"embeddable":true,"href":"https:\/\/www.microsula.com\/hn\/wp-json\/wp\/v2\/pages\/38935"}],"wp:attachment":[{"href":"https:\/\/www.microsula.com\/hn\/wp-json\/wp\/v2\/media?parent=38995"}],"curies":[{"name":"wp","href":"https:\/\/api.w.org\/{rel}","templated":true}]}}