{"id":38998,"date":"2022-02-13T17:03:49","date_gmt":"2022-02-13T17:03:49","guid":{"rendered":"https:\/\/www.microsula.com\/?page_id=38998"},"modified":"2022-02-14T00:21:34","modified_gmt":"2022-02-14T00:21:34","slug":"marketing","status":"publish","type":"page","link":"https:\/\/www.microsula.com\/hn\/servicios\/marketing\/","title":{"rendered":"Marketing"},"content":{"rendered":"\t\t<div data-elementor-type=\"wp-page\" data-elementor-id=\"38998\" class=\"elementor elementor-38998 elementor-37939\" data-elementor-settings=\"[]\">\n\t\t\t\t\t\t<div class=\"elementor-inner\">\n\t\t\t\t\t\t\t<div class=\"elementor-section-wrap\">\n\t\t\t\t\t\t\t<section class=\"elementor-section elementor-top-section elementor-element elementor-element-ba5eb27 elementor-section-stretched elementor-section-boxed elementor-section-height-default elementor-section-height-default\" data-id=\"ba5eb27\" data-element_type=\"section\" data-settings=\"{&quot;background_background&quot;:&quot;classic&quot;,&quot;stretch_section&quot;:&quot;section-stretched&quot;}\">\n\t\t\t\t\t\t<div class=\"elementor-container elementor-column-gap-default\">\n\t\t\t\t\t\t\t<div class=\"elementor-row\">\n\t\t\t\t\t<div class=\"elementor-column elementor-col-50 elementor-top-column elementor-element elementor-element-970779d radiantthemes-retina\" data-id=\"970779d\" data-element_type=\"column\">\n\t\t\t<div class=\"elementor-column-wrap elementor-element-populated\">\n\t\t\t\t\t\t\t<div class=\"elementor-widget-wrap\">\n\t\t\t\t\t\t<section class=\"elementor-section elementor-inner-section elementor-element elementor-element-6eedea8 elementor-section-boxed elementor-section-height-default elementor-section-height-default elementor-invisible\" data-id=\"6eedea8\" data-element_type=\"section\" data-settings=\"{&quot;animation&quot;:&quot;fadeInDown&quot;,&quot;animation_delay&quot;:300}\">\n\t\t\t\t\t\t<div class=\"elementor-container elementor-column-gap-default\">\n\t\t\t\t\t\t\t<div class=\"elementor-row\">\n\t\t\t\t\t<div class=\"elementor-column elementor-col-100 elementor-inner-column elementor-element elementor-element-aec42ca\" data-id=\"aec42ca\" data-element_type=\"column\">\n\t\t\t<div class=\"elementor-column-wrap elementor-element-populated\">\n\t\t\t\t\t\t\t<div class=\"elementor-widget-wrap\">\n\t\t\t\t\t\t<div class=\"elementor-element elementor-element-930bd2a elementor-widget elementor-widget-image\" data-id=\"930bd2a\" data-element_type=\"widget\" data-widget_type=\"image.default\">\n\t\t\t\t<div class=\"elementor-widget-container\">\n\t\t\t\t\t<div class=\"elementor-image\">\n\t\t\t\t\t\t\t\t\t\t<img width=\"512\" height=\"512\" src=\"https:\/\/www.microsula.com\/wp-content\/uploads\/2022\/02\/marketing-service-02.png\" class=\"attachment-large size-large\" alt=\"\" loading=\"lazy\" srcset=\"https:\/\/www.microsula.com\/wp-content\/uploads\/2022\/02\/marketing-service-02.png 512w, https:\/\/www.microsula.com\/wp-content\/uploads\/2022\/02\/marketing-service-02-300x300.png 300w, https:\/\/www.microsula.com\/wp-content\/uploads\/2022\/02\/marketing-service-02-150x150.png 150w, https:\/\/www.microsula.com\/wp-content\/uploads\/2022\/02\/marketing-service-02-100x100.png 100w\" sizes=\"(max-width: 512px) 100vw, 512px\" \/>\t\t\t\t\t\t\t\t\t\t\t<\/div>\n\t\t\t\t<\/div>\n\t\t\t\t<\/div>\n\t\t\t\t\t\t<\/div>\n\t\t\t\t\t<\/div>\n\t\t<\/div>\n\t\t\t\t\t\t\t\t<\/div>\n\t\t\t\t\t<\/div>\n\t\t<\/section>\n\t\t\t\t\t\t<\/div>\n\t\t\t\t\t<\/div>\n\t\t<\/div>\n\t\t\t\t<div class=\"elementor-column elementor-col-50 elementor-top-column elementor-element elementor-element-c4cf5ff\" data-id=\"c4cf5ff\" data-element_type=\"column\">\n\t\t\t<div class=\"elementor-column-wrap elementor-element-populated\">\n\t\t\t\t\t\t\t<div class=\"elementor-widget-wrap\">\n\t\t\t\t\t\t<div class=\"elementor-element elementor-element-c40cdb9 elementor-invisible elementor-widget elementor-widget-heading\" data-id=\"c40cdb9\" data-element_type=\"widget\" data-settings=\"{&quot;_animation&quot;:&quot;fadeInUp&quot;,&quot;_animation_delay&quot;:400}\" data-widget_type=\"heading.default\">\n\t\t\t\t<div class=\"elementor-widget-container\">\n\t\t\t<h3 class=\"elementor-heading-title elementor-size-default\">Anuncios de marketing<\/h3>\t\t<\/div>\n\t\t\t\t<\/div>\n\t\t\t\t<div class=\"elementor-element elementor-element-273eca5 elementor-invisible elementor-widget elementor-widget-text-editor\" data-id=\"273eca5\" data-element_type=\"widget\" data-settings=\"{&quot;_animation&quot;:&quot;fadeInUp&quot;,&quot;_animation_delay&quot;:600}\" data-widget_type=\"text-editor.default\">\n\t\t\t\t<div class=\"elementor-widget-container\">\n\t\t\t\t\t<div class=\"elementor-text-editor elementor-clearfix\"><p>En una industria que gira en torno a mantenerse al d\u00eda con las tendencias, los conceptos de vanguardia y la satisfacci\u00f3n de sus clientes, Microsula comprende que su agencia o empresa no puede permitirse tiempos de inactividad debido a problemas tecnol\u00f3gicos.<\/p><p>\u00a0<\/p><p>Microsula puede respaldar su funci\u00f3n de IT de marketing y publicidad para que pueda concentrarse en los proyectos y campa\u00f1as importantes para mantener el \u00e9xito de su negocio.<\/p><p>\u00a0<\/p><p>Nuestros servicios gestionados se adaptan a las necesidades de nuestros clientes para que puedan esperar que alguien est\u00e9 all\u00ed en medio de una agenda agitada. \u00bfPuede permitirse el lujo de arriesgar tiempo y recursos valiosos mientras se encuentra en medio de un plazo ajustado? Podemos servir como su divisi\u00f3n de IT o trabajar con su personal actual desde un punto de vista de desarrollo o soporte.<\/p><\/div>\n\t\t\t\t<\/div>\n\t\t\t\t<\/div>\n\t\t\t\t\t\t<\/div>\n\t\t\t\t\t<\/div>\n\t\t<\/div>\n\t\t\t\t\t\t\t\t<\/div>\n\t\t\t\t\t<\/div>\n\t\t<\/section>\n\t\t\t\t<section class=\"elementor-section elementor-top-section elementor-element elementor-element-1dc63c2 elementor-section-boxed elementor-section-height-default elementor-section-height-default\" data-id=\"1dc63c2\" data-element_type=\"section\" data-settings=\"{&quot;background_background&quot;:&quot;classic&quot;}\">\n\t\t\t\t\t\t<div class=\"elementor-container elementor-column-gap-default\">\n\t\t\t\t\t\t\t<div class=\"elementor-row\">\n\t\t\t\t\t<div class=\"elementor-column elementor-col-100 elementor-top-column elementor-element elementor-element-406c22e\" data-id=\"406c22e\" data-element_type=\"column\">\n\t\t\t<div class=\"elementor-column-wrap elementor-element-populated\">\n\t\t\t\t\t\t\t<div class=\"elementor-widget-wrap\">\n\t\t\t\t\t\t<section class=\"elementor-section elementor-inner-section elementor-element elementor-element-32e888d elementor-section-full_width elementor-section-height-default elementor-section-height-default\" data-id=\"32e888d\" data-element_type=\"section\" data-settings=\"{&quot;background_background&quot;:&quot;classic&quot;}\">\n\t\t\t\t\t\t<div class=\"elementor-container elementor-column-gap-default\">\n\t\t\t\t\t\t\t<div class=\"elementor-row\">\n\t\t\t\t\t<div class=\"elementor-column elementor-col-50 elementor-inner-column elementor-element elementor-element-9ab8d5d\" data-id=\"9ab8d5d\" data-element_type=\"column\">\n\t\t\t<div class=\"elementor-column-wrap elementor-element-populated\">\n\t\t\t\t\t\t\t<div class=\"elementor-widget-wrap\">\n\t\t\t\t\t\t<div class=\"elementor-element elementor-element-46122dd elementor-invisible elementor-widget elementor-widget-heading\" data-id=\"46122dd\" data-element_type=\"widget\" data-settings=\"{&quot;_animation&quot;:&quot;fadeInUp&quot;,&quot;_animation_delay&quot;:200}\" data-widget_type=\"heading.default\">\n\t\t\t\t<div class=\"elementor-widget-container\">\n\t\t\t<h3 class=\"elementor-heading-title elementor-size-default\">\u00bfTienes un Proyecto en mente? Pong\u00e1monos a trabajar!<\/h3>\t\t<\/div>\n\t\t\t\t<\/div>\n\t\t\t\t<div class=\"elementor-element elementor-element-18d3a38 elementor-invisible elementor-widget elementor-widget-text-editor\" data-id=\"18d3a38\" data-element_type=\"widget\" data-settings=\"{&quot;_animation&quot;:&quot;fadeInUp&quot;,&quot;_animation_delay&quot;:400}\" data-widget_type=\"text-editor.default\">\n\t\t\t\t<div class=\"elementor-widget-container\">\n\t\t\t\t\t<div class=\"elementor-text-editor elementor-clearfix\"><p>Los proyectos pueden incluir infraestructura de TI, tecnolog\u00eda inform\u00e1tica y varios sistemas de informaci\u00f3n. El prop\u00f3sito detr\u00e1s de ellos es garantizar que todos sus activos funcionen de manera eficiente y efectiva, mientras administra su seguridad general.<\/p><\/div>\n\t\t\t\t<\/div>\n\t\t\t\t<\/div>\n\t\t\t\t\t\t<\/div>\n\t\t\t\t\t<\/div>\n\t\t<\/div>\n\t\t\t\t<div class=\"elementor-column elementor-col-50 elementor-inner-column elementor-element elementor-element-2344c8f\" data-id=\"2344c8f\" data-element_type=\"column\">\n\t\t\t<div class=\"elementor-column-wrap elementor-element-populated\">\n\t\t\t\t\t\t\t<div class=\"elementor-widget-wrap\">\n\t\t\t\t\t\t<div class=\"elementor-element elementor-element-fa981f8 elementor-invisible elementor-widget elementor-widget-radiant-custom-button\" data-id=\"fa981f8\" data-element_type=\"widget\" data-settings=\"{&quot;_animation&quot;:&quot;fadeInUp&quot;,&quot;_animation_delay&quot;:300}\" data-widget_type=\"radiant-custom-button.default\">\n\t\t\t\t<div class=\"elementor-widget-container\">\n\t\t\t<div class=\"radiantthemes-custom-button element-one hover-style-five  \" data-button-direction=\"center\" data-button-fullwidth=\"false\" ><a class=\"radiantthemes-custom-button-main\" href=\"https:\/\/www.microsula.com\/hn\/contactanos\/\"  target=\"_blank\" rel=\"nofollow\" ><div class=\"placeholder\">Cont\u00e1ctanos<\/div><\/a><\/div>\t\t<\/div>\n\t\t\t\t<\/div>\n\t\t\t\t\t\t<\/div>\n\t\t\t\t\t<\/div>\n\t\t<\/div>\n\t\t\t\t\t\t\t\t<\/div>\n\t\t\t\t\t<\/div>\n\t\t<\/section>\n\t\t\t\t\t\t<\/div>\n\t\t\t\t\t<\/div>\n\t\t<\/div>\n\t\t\t\t\t\t\t\t<\/div>\n\t\t\t\t\t<\/div>\n\t\t<\/section>\n\t\t\t\t\t\t<\/div>\n\t\t\t\t\t\t<\/div>\n\t\t\t\t\t<\/div>\n\t\t","protected":false},"excerpt":{"rendered":"<p>Anuncios de marketing En una industria que gira en torno a mantenerse al d\u00eda con las tendencias, los conceptos de vanguardia y la satisfacci\u00f3n de sus clientes, Microsula comprende que su agencia o empresa no puede permitirse tiempos de inactividad debido a problemas tecnol\u00f3gicos. \u00a0 Microsula puede respaldar su funci\u00f3n de IT de marketing y [&hellip;]<\/p>\n","protected":false},"author":1,"featured_media":0,"parent":38935,"menu_order":8,"comment_status":"closed","ping_status":"closed","template":"elementor_header_footer","meta":[],"yoast_head":"<!-- This site is optimized with the Yoast SEO Premium plugin v17.8 (Yoast SEO v18.1) - https:\/\/yoast.com\/wordpress\/plugins\/seo\/ -->\n<title>Marketing | Microsula<\/title>\n<meta name=\"description\" content=\"Anuncios de marketing   En una industria que gira en torno a mantenerse al d\u00eda con las tendencias, los conceptos de vanguardia y la satisfacci\u00f3n de sus clientes, Microsula comprende que su agencia o empresa no puede permitirse tiempos de inactividad debido a problemas tecnol\u00f3gicos.\u00a0Microsula puede\" \/>\n<meta name=\"robots\" content=\"index, follow, max-snippet:-1, max-image-preview:large, max-video-preview:-1\" \/>\n<link rel=\"canonical\" href=\"https:\/\/www.microsula.com\/hn\/servicios\/marketing\/\" \/>\n<meta property=\"og:locale\" content=\"es_ES\" \/>\n<meta property=\"og:type\" content=\"article\" \/>\n<meta property=\"og:title\" content=\"Marketing\" \/>\n<meta property=\"og:description\" content=\"Anuncios de marketing   En una industria que gira en torno a mantenerse al d\u00eda con las tendencias, los conceptos de vanguardia y la satisfacci\u00f3n de sus clientes, Microsula comprende que su agencia o empresa no puede permitirse tiempos de inactividad debido a problemas tecnol\u00f3gicos.\u00a0Microsula puede\" \/>\n<meta property=\"og:url\" content=\"https:\/\/www.microsula.com\/hn\/servicios\/marketing\/\" \/>\n<meta property=\"og:site_name\" content=\"Microsula\" \/>\n<meta property=\"article:publisher\" content=\"https:\/\/www.facebook.com\/microsula\/\" \/>\n<meta property=\"article:modified_time\" content=\"2022-02-14T00:21:34+00:00\" \/>\n<meta property=\"og:image\" content=\"https:\/\/www.microsula.com\/wp-content\/uploads\/2022\/02\/marketing-service-02.png\" \/>\n<meta name=\"twitter:card\" content=\"summary_large_image\" \/>\n<meta name=\"twitter:site\" content=\"@microsula\" \/>\n<meta name=\"twitter:label1\" content=\"Est. reading time\" \/>\n\t<meta name=\"twitter:data1\" content=\"1 minute\" \/>\n<script type=\"application\/ld+json\" class=\"yoast-schema-graph\">{\"@context\":\"https:\/\/schema.org\",\"@graph\":[{\"@type\":\"Organization\",\"@id\":\"https:\/\/www.microsula.com\/en\/#organization\",\"name\":\"Microsula\",\"url\":\"https:\/\/www.microsula.com\/en\/\",\"sameAs\":[\"https:\/\/www.facebook.com\/microsula\/\",\"https:\/\/www.linkedin.com\/company\/microsula\",\"https:\/\/twitter.com\/microsula\"],\"logo\":{\"@type\":\"ImageObject\",\"@id\":\"https:\/\/www.microsula.com\/en\/#logo\",\"inLanguage\":\"es-HN\",\"url\":\"https:\/\/www.microsula.com\/wp-content\/uploads\/2021\/12\/logo-dark.png\",\"contentUrl\":\"https:\/\/www.microsula.com\/wp-content\/uploads\/2021\/12\/logo-dark.png\",\"width\":419,\"height\":90,\"caption\":\"Microsula\"},\"image\":{\"@id\":\"https:\/\/www.microsula.com\/en\/#logo\"}},{\"@type\":\"WebSite\",\"@id\":\"https:\/\/www.microsula.com\/en\/#website\",\"url\":\"https:\/\/www.microsula.com\/en\/\",\"name\":\"Microsula\",\"description\":\"Your best partner in Cyber Technology\",\"publisher\":{\"@id\":\"https:\/\/www.microsula.com\/en\/#organization\"},\"potentialAction\":[{\"@type\":\"SearchAction\",\"target\":{\"@type\":\"EntryPoint\",\"urlTemplate\":\"https:\/\/www.microsula.com\/en\/?s={search_term_string}\"},\"query-input\":\"required name=search_term_string\"}],\"inLanguage\":\"es-HN\"},{\"@type\":\"ImageObject\",\"@id\":\"https:\/\/www.microsula.com\/hn\/servicios\/marketing\/#primaryimage\",\"inLanguage\":\"es-HN\",\"url\":\"https:\/\/www.microsula.com\/wp-content\/uploads\/2022\/02\/marketing-service-02.png\",\"contentUrl\":\"https:\/\/www.microsula.com\/wp-content\/uploads\/2022\/02\/marketing-service-02.png\",\"width\":512,\"height\":512},{\"@type\":\"WebPage\",\"@id\":\"https:\/\/www.microsula.com\/hn\/servicios\/marketing\/#webpage\",\"url\":\"https:\/\/www.microsula.com\/hn\/servicios\/marketing\/\",\"name\":\"Marketing | Microsula\",\"isPartOf\":{\"@id\":\"https:\/\/www.microsula.com\/en\/#website\"},\"primaryImageOfPage\":{\"@id\":\"https:\/\/www.microsula.com\/hn\/servicios\/marketing\/#primaryimage\"},\"datePublished\":\"2022-02-13T17:03:49+00:00\",\"dateModified\":\"2022-02-14T00:21:34+00:00\",\"description\":\"Anuncios de marketing En una industria que gira en torno a mantenerse al d\u00eda con las tendencias, los conceptos de vanguardia y la satisfacci\u00f3n de sus clientes, Microsula comprende que su agencia o empresa no puede permitirse tiempos de inactividad debido a problemas tecnol\u00f3gicos.\u00a0Microsula puede\",\"breadcrumb\":{\"@id\":\"https:\/\/www.microsula.com\/hn\/servicios\/marketing\/#breadcrumb\"},\"inLanguage\":\"es-HN\",\"potentialAction\":[{\"@type\":\"ReadAction\",\"target\":[\"https:\/\/www.microsula.com\/hn\/servicios\/marketing\/\"]}]},{\"@type\":\"BreadcrumbList\",\"@id\":\"https:\/\/www.microsula.com\/hn\/servicios\/marketing\/#breadcrumb\",\"itemListElement\":[{\"@type\":\"ListItem\",\"position\":1,\"name\":\"Inicio\",\"item\":\"https:\/\/www.microsula.com\/hn\/\"},{\"@type\":\"ListItem\",\"position\":2,\"name\":\"Servicios\",\"item\":\"https:\/\/www.microsula.com\/hn\/servicios\/\"},{\"@type\":\"ListItem\",\"position\":3,\"name\":\"Marketing\"}]}]}<\/script>\n<!-- \/ Yoast SEO Premium plugin. -->","yoast_head_json":{"title":"Marketing | Microsula","description":"Anuncios de marketing   En una industria que gira en torno a mantenerse al d\u00eda con las tendencias, los conceptos de vanguardia y la satisfacci\u00f3n de sus clientes, Microsula comprende que su agencia o empresa no puede permitirse tiempos de inactividad debido a problemas tecnol\u00f3gicos.\u00a0Microsula puede","robots":{"index":"index","follow":"follow","max-snippet":"max-snippet:-1","max-image-preview":"max-image-preview:large","max-video-preview":"max-video-preview:-1"},"canonical":"https:\/\/www.microsula.com\/hn\/servicios\/marketing\/","og_locale":"es_ES","og_type":"article","og_title":"Marketing","og_description":"Anuncios de marketing   En una industria que gira en torno a mantenerse al d\u00eda con las tendencias, los conceptos de vanguardia y la satisfacci\u00f3n de sus clientes, Microsula comprende que su agencia o empresa no puede permitirse tiempos de inactividad debido a problemas tecnol\u00f3gicos.\u00a0Microsula puede","og_url":"https:\/\/www.microsula.com\/hn\/servicios\/marketing\/","og_site_name":"Microsula","article_publisher":"https:\/\/www.facebook.com\/microsula\/","article_modified_time":"2022-02-14T00:21:34+00:00","og_image":[{"url":"https:\/\/www.microsula.com\/wp-content\/uploads\/2022\/02\/marketing-service-02.png"}],"twitter_card":"summary_large_image","twitter_site":"@microsula","twitter_misc":{"Est. reading time":"1 minute"},"schema":{"@context":"https:\/\/schema.org","@graph":[{"@type":"Organization","@id":"https:\/\/www.microsula.com\/en\/#organization","name":"Microsula","url":"https:\/\/www.microsula.com\/en\/","sameAs":["https:\/\/www.facebook.com\/microsula\/","https:\/\/www.linkedin.com\/company\/microsula","https:\/\/twitter.com\/microsula"],"logo":{"@type":"ImageObject","@id":"https:\/\/www.microsula.com\/en\/#logo","inLanguage":"es-HN","url":"https:\/\/www.microsula.com\/wp-content\/uploads\/2021\/12\/logo-dark.png","contentUrl":"https:\/\/www.microsula.com\/wp-content\/uploads\/2021\/12\/logo-dark.png","width":419,"height":90,"caption":"Microsula"},"image":{"@id":"https:\/\/www.microsula.com\/en\/#logo"}},{"@type":"WebSite","@id":"https:\/\/www.microsula.com\/en\/#website","url":"https:\/\/www.microsula.com\/en\/","name":"Microsula","description":"Your best partner in Cyber Technology","publisher":{"@id":"https:\/\/www.microsula.com\/en\/#organization"},"potentialAction":[{"@type":"SearchAction","target":{"@type":"EntryPoint","urlTemplate":"https:\/\/www.microsula.com\/en\/?s={search_term_string}"},"query-input":"required name=search_term_string"}],"inLanguage":"es-HN"},{"@type":"ImageObject","@id":"https:\/\/www.microsula.com\/hn\/servicios\/marketing\/#primaryimage","inLanguage":"es-HN","url":"https:\/\/www.microsula.com\/wp-content\/uploads\/2022\/02\/marketing-service-02.png","contentUrl":"https:\/\/www.microsula.com\/wp-content\/uploads\/2022\/02\/marketing-service-02.png","width":512,"height":512},{"@type":"WebPage","@id":"https:\/\/www.microsula.com\/hn\/servicios\/marketing\/#webpage","url":"https:\/\/www.microsula.com\/hn\/servicios\/marketing\/","name":"Marketing | Microsula","isPartOf":{"@id":"https:\/\/www.microsula.com\/en\/#website"},"primaryImageOfPage":{"@id":"https:\/\/www.microsula.com\/hn\/servicios\/marketing\/#primaryimage"},"datePublished":"2022-02-13T17:03:49+00:00","dateModified":"2022-02-14T00:21:34+00:00","description":"Anuncios de marketing En una industria que gira en torno a mantenerse al d\u00eda con las tendencias, los conceptos de vanguardia y la satisfacci\u00f3n de sus clientes, Microsula comprende que su agencia o empresa no puede permitirse tiempos de inactividad debido a problemas tecnol\u00f3gicos.\u00a0Microsula puede","breadcrumb":{"@id":"https:\/\/www.microsula.com\/hn\/servicios\/marketing\/#breadcrumb"},"inLanguage":"es-HN","potentialAction":[{"@type":"ReadAction","target":["https:\/\/www.microsula.com\/hn\/servicios\/marketing\/"]}]},{"@type":"BreadcrumbList","@id":"https:\/\/www.microsula.com\/hn\/servicios\/marketing\/#breadcrumb","itemListElement":[{"@type":"ListItem","position":1,"name":"Inicio","item":"https:\/\/www.microsula.com\/hn\/"},{"@type":"ListItem","position":2,"name":"Servicios","item":"https:\/\/www.microsula.com\/hn\/servicios\/"},{"@type":"ListItem","position":3,"name":"Marketing"}]}]}},"_links":{"self":[{"href":"https:\/\/www.microsula.com\/hn\/wp-json\/wp\/v2\/pages\/38998"}],"collection":[{"href":"https:\/\/www.microsula.com\/hn\/wp-json\/wp\/v2\/pages"}],"about":[{"href":"https:\/\/www.microsula.com\/hn\/wp-json\/wp\/v2\/types\/page"}],"author":[{"embeddable":true,"href":"https:\/\/www.microsula.com\/hn\/wp-json\/wp\/v2\/users\/1"}],"replies":[{"embeddable":true,"href":"https:\/\/www.microsula.com\/hn\/wp-json\/wp\/v2\/comments?post=38998"}],"version-history":[{"count":10,"href":"https:\/\/www.microsula.com\/hn\/wp-json\/wp\/v2\/pages\/38998\/revisions"}],"predecessor-version":[{"id":39272,"href":"https:\/\/www.microsula.com\/hn\/wp-json\/wp\/v2\/pages\/38998\/revisions\/39272"}],"up":[{"embeddable":true,"href":"https:\/\/www.microsula.com\/hn\/wp-json\/wp\/v2\/pages\/38935"}],"wp:attachment":[{"href":"https:\/\/www.microsula.com\/hn\/wp-json\/wp\/v2\/media?parent=38998"}],"curies":[{"name":"wp","href":"https:\/\/api.w.org\/{rel}","templated":true}]}}