{"id":39451,"date":"2022-02-13T16:45:19","date_gmt":"2022-02-13T16:45:19","guid":{"rendered":"https:\/\/www.microsula.com\/servicios\/seguridad\/"},"modified":"2022-02-14T15:17:47","modified_gmt":"2022-02-14T15:17:47","slug":"seguridad","status":"publish","type":"page","link":"https:\/\/www.microsula.com\/pa\/servicios\/seguridad\/","title":{"rendered":"Seguridad"},"content":{"rendered":"\t\t<div data-elementor-type=\"wp-page\" data-elementor-id=\"39451\" class=\"elementor elementor-39451 elementor-37929\" data-elementor-settings=\"[]\">\n\t\t\t\t\t\t<div class=\"elementor-inner\">\n\t\t\t\t\t\t\t<div class=\"elementor-section-wrap\">\n\t\t\t\t\t\t\t<section class=\"elementor-section elementor-top-section elementor-element elementor-element-de6c521 elementor-section-stretched elementor-section-boxed elementor-section-height-default elementor-section-height-default\" data-id=\"de6c521\" data-element_type=\"section\" data-settings=\"{&quot;background_background&quot;:&quot;classic&quot;,&quot;stretch_section&quot;:&quot;section-stretched&quot;}\">\n\t\t\t\t\t\t<div class=\"elementor-container elementor-column-gap-default\">\n\t\t\t\t\t\t\t<div class=\"elementor-row\">\n\t\t\t\t\t<div class=\"elementor-column elementor-col-50 elementor-top-column elementor-element elementor-element-8327b4a radiantthemes-retina\" data-id=\"8327b4a\" data-element_type=\"column\">\n\t\t\t<div class=\"elementor-column-wrap elementor-element-populated\">\n\t\t\t\t\t\t\t<div class=\"elementor-widget-wrap\">\n\t\t\t\t\t\t<section class=\"elementor-section elementor-inner-section elementor-element elementor-element-066988b elementor-section-boxed elementor-section-height-default elementor-section-height-default elementor-invisible\" data-id=\"066988b\" data-element_type=\"section\" data-settings=\"{&quot;animation&quot;:&quot;fadeInDown&quot;,&quot;animation_delay&quot;:300}\">\n\t\t\t\t\t\t<div class=\"elementor-container elementor-column-gap-default\">\n\t\t\t\t\t\t\t<div class=\"elementor-row\">\n\t\t\t\t\t<div class=\"elementor-column elementor-col-100 elementor-inner-column elementor-element elementor-element-d39886a\" data-id=\"d39886a\" data-element_type=\"column\">\n\t\t\t<div class=\"elementor-column-wrap elementor-element-populated\">\n\t\t\t\t\t\t\t<div class=\"elementor-widget-wrap\">\n\t\t\t\t\t\t<div class=\"elementor-element elementor-element-6de6797 elementor-widget elementor-widget-image\" data-id=\"6de6797\" data-element_type=\"widget\" data-widget_type=\"image.default\">\n\t\t\t\t<div class=\"elementor-widget-container\">\n\t\t\t\t\t<div class=\"elementor-image\">\n\t\t\t\t\t\t\t\t\t\t<img width=\"512\" height=\"512\" src=\"https:\/\/www.microsula.com\/wp-content\/uploads\/2022\/02\/cybersecurity-03-2.png\" class=\"attachment-large size-large\" alt=\"\" loading=\"lazy\" srcset=\"https:\/\/www.microsula.com\/wp-content\/uploads\/2022\/02\/cybersecurity-03-2.png 512w, https:\/\/www.microsula.com\/wp-content\/uploads\/2022\/02\/cybersecurity-03-2-300x300.png 300w, https:\/\/www.microsula.com\/wp-content\/uploads\/2022\/02\/cybersecurity-03-2-150x150.png 150w, https:\/\/www.microsula.com\/wp-content\/uploads\/2022\/02\/cybersecurity-03-2-100x100.png 100w\" sizes=\"(max-width: 512px) 100vw, 512px\" \/>\t\t\t\t\t\t\t\t\t\t\t<\/div>\n\t\t\t\t<\/div>\n\t\t\t\t<\/div>\n\t\t\t\t\t\t<\/div>\n\t\t\t\t\t<\/div>\n\t\t<\/div>\n\t\t\t\t\t\t\t\t<\/div>\n\t\t\t\t\t<\/div>\n\t\t<\/section>\n\t\t\t\t\t\t<\/div>\n\t\t\t\t\t<\/div>\n\t\t<\/div>\n\t\t\t\t<div class=\"elementor-column elementor-col-50 elementor-top-column elementor-element elementor-element-ba11740\" data-id=\"ba11740\" data-element_type=\"column\">\n\t\t\t<div class=\"elementor-column-wrap elementor-element-populated\">\n\t\t\t\t\t\t\t<div class=\"elementor-widget-wrap\">\n\t\t\t\t\t\t<div class=\"elementor-element elementor-element-d239aa0 elementor-invisible elementor-widget elementor-widget-heading\" data-id=\"d239aa0\" data-element_type=\"widget\" data-settings=\"{&quot;_animation&quot;:&quot;fadeInUp&quot;,&quot;_animation_delay&quot;:200}\" data-widget_type=\"heading.default\">\n\t\t\t\t<div class=\"elementor-widget-container\">\n\t\t\t<h6 class=\"elementor-heading-title elementor-size-default\">Mant\u00e9n tu negocio seguro con la mejor tecnolog\u00eda<\/h6>\t\t<\/div>\n\t\t\t\t<\/div>\n\t\t\t\t<div class=\"elementor-element elementor-element-85f38fd elementor-invisible elementor-widget elementor-widget-heading\" data-id=\"85f38fd\" data-element_type=\"widget\" data-settings=\"{&quot;_animation&quot;:&quot;fadeInUp&quot;,&quot;_animation_delay&quot;:400}\" data-widget_type=\"heading.default\">\n\t\t\t\t<div class=\"elementor-widget-container\">\n\t\t\t<h3 class=\"elementor-heading-title elementor-size-default\">Servicio de Ciberseguridad<\/h3>\t\t<\/div>\n\t\t\t\t<\/div>\n\t\t\t\t<div class=\"elementor-element elementor-element-856413a elementor-invisible elementor-widget elementor-widget-text-editor\" data-id=\"856413a\" data-element_type=\"widget\" data-settings=\"{&quot;_animation&quot;:&quot;fadeInUp&quot;,&quot;_animation_delay&quot;:600}\" data-widget_type=\"text-editor.default\">\n\t\t\t\t<div class=\"elementor-widget-container\">\n\t\t\t\t\t<div class=\"elementor-text-editor elementor-clearfix\"><p>La ciberseguridad siempre est\u00e1 evolucionando y nuestros expertos en consultor\u00eda de ciberseguridad est\u00e1n aqu\u00ed para ayudarlo a navegar estas tendencias. Muchas peque\u00f1as empresas no tienen los recursos o la experiencia para implementar las defensas de seguridad necesarias para mantener su negocio funcionando de manera segura y eficiente. Ah\u00ed es donde entramos con las personas, el proceso y la plataforma adecuados para ayudar a las peque\u00f1as empresas a protegerse contra las ciberamenazas mediante los servicios de ciberseguridad.<\/p><p><br \/>Ofrecemos planes seg\u00fan su perfil de riesgo, presupuesto y requisitos de cumplimiento. En lugar de un modelo \u00fanico para todos, nuestros planes cubren todo, desde los conceptos b\u00e1sicos imprescindibles, hasta la seguridad administrada a nivel empresarial.<\/p><p><br \/>Todos nuestros planes adoptan el mejor enfoque de su clase para los sistemas que usamos para detectar, prevenir y responder a amenazas maliciosas. Respaldado por profesionales de seguridad experimentados que pueden actuar r\u00e1pidamente para neutralizar los problemas de seguridad.<\/p><\/div>\n\t\t\t\t<\/div>\n\t\t\t\t<\/div>\n\t\t\t\t\t\t<\/div>\n\t\t\t\t\t<\/div>\n\t\t<\/div>\n\t\t\t\t\t\t\t\t<\/div>\n\t\t\t\t\t<\/div>\n\t\t<\/section>\n\t\t\t\t<section class=\"elementor-section elementor-top-section elementor-element elementor-element-48b0181 elementor-section-boxed elementor-section-height-default elementor-section-height-default\" data-id=\"48b0181\" data-element_type=\"section\">\n\t\t\t\t\t\t<div class=\"elementor-container elementor-column-gap-default\">\n\t\t\t\t\t\t\t<div class=\"elementor-row\">\n\t\t\t\t\t<div class=\"elementor-column elementor-col-100 elementor-top-column elementor-element elementor-element-376347f\" data-id=\"376347f\" data-element_type=\"column\">\n\t\t\t<div class=\"elementor-column-wrap elementor-element-populated\">\n\t\t\t\t\t\t\t<div class=\"elementor-widget-wrap\">\n\t\t\t\t\t\t<section class=\"elementor-section elementor-inner-section elementor-element elementor-element-98d6c1c elementor-section-boxed elementor-section-height-default elementor-section-height-default\" data-id=\"98d6c1c\" data-element_type=\"section\">\n\t\t\t\t\t\t<div class=\"elementor-container elementor-column-gap-default\">\n\t\t\t\t\t\t\t<div class=\"elementor-row\">\n\t\t\t\t\t<div class=\"elementor-column elementor-col-33 elementor-inner-column elementor-element elementor-element-9aec026\" data-id=\"9aec026\" data-element_type=\"column\">\n\t\t\t<div class=\"elementor-column-wrap elementor-element-populated\">\n\t\t\t\t\t\t\t<div class=\"elementor-widget-wrap\">\n\t\t\t\t\t\t<div class=\"elementor-element elementor-element-b25c576 elementor-invisible elementor-widget elementor-widget-heading\" data-id=\"b25c576\" data-element_type=\"widget\" data-settings=\"{&quot;_animation&quot;:&quot;fadeInUp&quot;,&quot;_animation_delay&quot;:400}\" data-widget_type=\"heading.default\">\n\t\t\t\t<div class=\"elementor-widget-container\">\n\t\t\t<h3 class=\"elementor-heading-title elementor-size-default\">Servicios de seguridad gestionados<\/h3>\t\t<\/div>\n\t\t\t\t<\/div>\n\t\t\t\t<div class=\"elementor-element elementor-element-1689127 elementor-invisible elementor-widget elementor-widget-text-editor\" data-id=\"1689127\" data-element_type=\"widget\" data-settings=\"{&quot;_animation&quot;:&quot;fadeInUp&quot;,&quot;_animation_delay&quot;:600}\" data-widget_type=\"text-editor.default\">\n\t\t\t\t<div class=\"elementor-widget-container\">\n\t\t\t\t\t<div class=\"elementor-text-editor elementor-clearfix\"><p>Usamos las mejores herramientas y contratamos a las mejores personas para poder brindar un enfoque constante en la experiencia del usuario. Microsula utiliza una metodolog\u00eda que valora brindar una respuesta r\u00e1pida y retroalimentaci\u00f3n en tiempo real para garantizar el m\u00e1s alto nivel de satisfacci\u00f3n del usuario final.<\/p><p>\u00a0<\/p><p>Con una combinaci\u00f3n de aplicaciones y procesos, nuestro equipo instalar\u00e1, mantendr\u00e1 y monitorear\u00e1 un sistema de alerta temprana para intrusiones y filtraciones de datos. Trimestralmente, los ingenieros de seguridad evaluar\u00e1n la seguridad externa e interna de su red. Todos los empleados de su organizaci\u00f3n recibir\u00e1n capacitaci\u00f3n de concientizaci\u00f3n sobre seguridad inform\u00e1tica, junto con pruebas aleatorias y no anunciadas para evaluar su respuesta a los intentos de phishing por correo electr\u00f3nico.<\/p><\/div>\n\t\t\t\t<\/div>\n\t\t\t\t<\/div>\n\t\t\t\t\t\t<\/div>\n\t\t\t\t\t<\/div>\n\t\t<\/div>\n\t\t\t\t<div class=\"elementor-column elementor-col-33 elementor-inner-column elementor-element elementor-element-9270c73\" data-id=\"9270c73\" data-element_type=\"column\">\n\t\t\t<div class=\"elementor-column-wrap\">\n\t\t\t\t\t\t\t<div class=\"elementor-widget-wrap\">\n\t\t\t\t\t\t\t\t<\/div>\n\t\t\t\t\t<\/div>\n\t\t<\/div>\n\t\t\t\t<div class=\"elementor-column elementor-col-33 elementor-inner-column elementor-element elementor-element-b585103\" data-id=\"b585103\" data-element_type=\"column\">\n\t\t\t<div class=\"elementor-column-wrap elementor-element-populated\">\n\t\t\t\t\t\t\t<div class=\"elementor-widget-wrap\">\n\t\t\t\t\t\t<div class=\"elementor-element elementor-element-dc7d7ff move-image-left-right elementor-widget__width-initial elementor-invisible elementor-widget elementor-widget-image\" data-id=\"dc7d7ff\" data-element_type=\"widget\" data-settings=\"{&quot;_animation&quot;:&quot;fadeInRight&quot;,&quot;_animation_delay&quot;:300}\" data-widget_type=\"image.default\">\n\t\t\t\t<div class=\"elementor-widget-container\">\n\t\t\t\t\t<div class=\"elementor-image\">\n\t\t\t\t\t\t\t\t\t\t<img width=\"512\" height=\"512\" src=\"https:\/\/www.microsula.com\/wp-content\/uploads\/2021\/12\/cybersecurity-01-1.png\" class=\"attachment-full size-full\" alt=\"\" loading=\"lazy\" srcset=\"https:\/\/www.microsula.com\/wp-content\/uploads\/2021\/12\/cybersecurity-01-1.png 512w, https:\/\/www.microsula.com\/wp-content\/uploads\/2021\/12\/cybersecurity-01-1-300x300.png 300w, https:\/\/www.microsula.com\/wp-content\/uploads\/2021\/12\/cybersecurity-01-1-150x150.png 150w, https:\/\/www.microsula.com\/wp-content\/uploads\/2021\/12\/cybersecurity-01-1-100x100.png 100w\" sizes=\"(max-width: 512px) 100vw, 512px\" \/>\t\t\t\t\t\t\t\t\t\t\t<\/div>\n\t\t\t\t<\/div>\n\t\t\t\t<\/div>\n\t\t\t\t\t\t<\/div>\n\t\t\t\t\t<\/div>\n\t\t<\/div>\n\t\t\t\t\t\t\t\t<\/div>\n\t\t\t\t\t<\/div>\n\t\t<\/section>\n\t\t\t\t\t\t<\/div>\n\t\t\t\t\t<\/div>\n\t\t<\/div>\n\t\t\t\t\t\t\t\t<\/div>\n\t\t\t\t\t<\/div>\n\t\t<\/section>\n\t\t\t\t<section class=\"elementor-section elementor-top-section elementor-element elementor-element-c14c03b elementor-section-boxed elementor-section-height-default elementor-section-height-default\" data-id=\"c14c03b\" data-element_type=\"section\" data-settings=\"{&quot;background_background&quot;:&quot;classic&quot;}\">\n\t\t\t\t\t\t<div class=\"elementor-container elementor-column-gap-default\">\n\t\t\t\t\t\t\t<div class=\"elementor-row\">\n\t\t\t\t\t<div class=\"elementor-column elementor-col-100 elementor-top-column elementor-element elementor-element-b8771ac\" data-id=\"b8771ac\" data-element_type=\"column\">\n\t\t\t<div class=\"elementor-column-wrap elementor-element-populated\">\n\t\t\t\t\t\t\t<div class=\"elementor-widget-wrap\">\n\t\t\t\t\t\t<section class=\"elementor-section elementor-inner-section elementor-element elementor-element-3ec4c68 elementor-section-full_width elementor-section-height-default elementor-section-height-default\" data-id=\"3ec4c68\" data-element_type=\"section\" data-settings=\"{&quot;background_background&quot;:&quot;classic&quot;}\">\n\t\t\t\t\t\t<div class=\"elementor-container elementor-column-gap-default\">\n\t\t\t\t\t\t\t<div class=\"elementor-row\">\n\t\t\t\t\t<div class=\"elementor-column elementor-col-50 elementor-inner-column elementor-element elementor-element-7f5c17f\" data-id=\"7f5c17f\" data-element_type=\"column\">\n\t\t\t<div class=\"elementor-column-wrap elementor-element-populated\">\n\t\t\t\t\t\t\t<div class=\"elementor-widget-wrap\">\n\t\t\t\t\t\t<div class=\"elementor-element elementor-element-cfbdf31 elementor-invisible elementor-widget elementor-widget-heading\" data-id=\"cfbdf31\" data-element_type=\"widget\" data-settings=\"{&quot;_animation&quot;:&quot;fadeInUp&quot;,&quot;_animation_delay&quot;:200}\" data-widget_type=\"heading.default\">\n\t\t\t\t<div class=\"elementor-widget-container\">\n\t\t\t<h3 class=\"elementor-heading-title elementor-size-default\">\u00bfTienes un Proyecto en mente? Pong\u00e1monos a trabajar!<\/h3>\t\t<\/div>\n\t\t\t\t<\/div>\n\t\t\t\t<div class=\"elementor-element elementor-element-6c2be3b elementor-invisible elementor-widget elementor-widget-text-editor\" data-id=\"6c2be3b\" data-element_type=\"widget\" data-settings=\"{&quot;_animation&quot;:&quot;fadeInUp&quot;,&quot;_animation_delay&quot;:400}\" data-widget_type=\"text-editor.default\">\n\t\t\t\t<div class=\"elementor-widget-container\">\n\t\t\t\t\t<div class=\"elementor-text-editor elementor-clearfix\"><p>Los proyectos pueden incluir infraestructura de TI, tecnolog\u00eda inform\u00e1tica y varios sistemas de informaci\u00f3n. El prop\u00f3sito detr\u00e1s de ellos es garantizar que todos sus activos funcionen de manera eficiente y efectiva, mientras administra su seguridad general.<\/p><\/div>\n\t\t\t\t<\/div>\n\t\t\t\t<\/div>\n\t\t\t\t\t\t<\/div>\n\t\t\t\t\t<\/div>\n\t\t<\/div>\n\t\t\t\t<div class=\"elementor-column elementor-col-50 elementor-inner-column elementor-element elementor-element-4f10bdd\" data-id=\"4f10bdd\" data-element_type=\"column\">\n\t\t\t<div class=\"elementor-column-wrap elementor-element-populated\">\n\t\t\t\t\t\t\t<div class=\"elementor-widget-wrap\">\n\t\t\t\t\t\t<div class=\"elementor-element elementor-element-0a61c05 elementor-invisible elementor-widget elementor-widget-radiant-custom-button\" data-id=\"0a61c05\" data-element_type=\"widget\" data-settings=\"{&quot;_animation&quot;:&quot;fadeInUp&quot;,&quot;_animation_delay&quot;:300}\" data-widget_type=\"radiant-custom-button.default\">\n\t\t\t\t<div class=\"elementor-widget-container\">\n\t\t\t<div class=\"radiantthemes-custom-button element-one hover-style-five  \" data-button-direction=\"center\" data-button-fullwidth=\"false\" ><a class=\"radiantthemes-custom-button-main\" href=\"https:\/\/www.microsula.com\/pa\/contactanos\/\"  target=\"_blank\" rel=\"nofollow\" ><div class=\"placeholder\">Cont\u00e1ctanos<\/div><\/a><\/div>\t\t<\/div>\n\t\t\t\t<\/div>\n\t\t\t\t\t\t<\/div>\n\t\t\t\t\t<\/div>\n\t\t<\/div>\n\t\t\t\t\t\t\t\t<\/div>\n\t\t\t\t\t<\/div>\n\t\t<\/section>\n\t\t\t\t\t\t<\/div>\n\t\t\t\t\t<\/div>\n\t\t<\/div>\n\t\t\t\t\t\t\t\t<\/div>\n\t\t\t\t\t<\/div>\n\t\t<\/section>\n\t\t\t\t\t\t<\/div>\n\t\t\t\t\t\t<\/div>\n\t\t\t\t\t<\/div>\n\t\t","protected":false},"excerpt":{"rendered":"<p>Mant\u00e9n tu negocio seguro con la mejor tecnolog\u00eda Servicio de Ciberseguridad La ciberseguridad siempre est\u00e1 evolucionando y nuestros expertos en consultor\u00eda de ciberseguridad est\u00e1n aqu\u00ed para ayudarlo a navegar estas tendencias. Muchas peque\u00f1as empresas no tienen los recursos o la experiencia para implementar las defensas de seguridad necesarias para mantener su negocio funcionando de manera [&hellip;]<\/p>\n","protected":false},"author":1,"featured_media":0,"parent":38936,"menu_order":3,"comment_status":"closed","ping_status":"closed","template":"elementor_header_footer","meta":[],"yoast_head":"<!-- This site is optimized with the Yoast SEO Premium plugin v17.8 (Yoast SEO v18.1) - https:\/\/yoast.com\/wordpress\/plugins\/seo\/ -->\n<title>Seguridad | Microsula<\/title>\n<meta name=\"description\" content=\"Mant\u00e9n tu negocio seguro con la mejor tecnolog\u00eda   Servicio de Ciberseguridad   La ciberseguridad siempre est\u00e1 evolucionando y nuestros expertos en consultor\u00eda de ciberseguridad est\u00e1n aqu\u00ed para ayudarlo a navegar estas tendencias. Muchas peque\u00f1as empresas no tienen los recursos o la experienc\" \/>\n<meta name=\"robots\" content=\"index, follow, max-snippet:-1, max-image-preview:large, max-video-preview:-1\" \/>\n<link rel=\"canonical\" href=\"https:\/\/www.microsula.com\/pa\/servicios\/seguridad\/\" \/>\n<meta property=\"og:locale\" content=\"es_ES\" \/>\n<meta property=\"og:type\" content=\"article\" \/>\n<meta property=\"og:title\" content=\"Seguridad\" \/>\n<meta property=\"og:description\" content=\"Mant\u00e9n tu negocio seguro con la mejor tecnolog\u00eda   Servicio de Ciberseguridad   La ciberseguridad siempre est\u00e1 evolucionando y nuestros expertos en consultor\u00eda de ciberseguridad est\u00e1n aqu\u00ed para ayudarlo a navegar estas tendencias. Muchas peque\u00f1as empresas no tienen los recursos o la experienc\" \/>\n<meta property=\"og:url\" content=\"https:\/\/www.microsula.com\/pa\/servicios\/seguridad\/\" \/>\n<meta property=\"og:site_name\" content=\"Microsula\" \/>\n<meta property=\"article:publisher\" content=\"https:\/\/www.facebook.com\/microsula\/\" \/>\n<meta property=\"article:modified_time\" content=\"2022-02-14T15:17:47+00:00\" \/>\n<meta property=\"og:image\" content=\"https:\/\/www.microsula.com\/wp-content\/uploads\/2022\/02\/cybersecurity-03-2.png\" \/>\n<meta name=\"twitter:card\" content=\"summary_large_image\" \/>\n<meta name=\"twitter:site\" content=\"@microsula\" \/>\n<meta name=\"twitter:label1\" content=\"Est. reading time\" \/>\n\t<meta name=\"twitter:data1\" content=\"2 minutes\" \/>\n<script type=\"application\/ld+json\" class=\"yoast-schema-graph\">{\"@context\":\"https:\/\/schema.org\",\"@graph\":[{\"@type\":\"Organization\",\"@id\":\"https:\/\/www.microsula.com\/en\/#organization\",\"name\":\"Microsula\",\"url\":\"https:\/\/www.microsula.com\/en\/\",\"sameAs\":[\"https:\/\/www.facebook.com\/microsula\/\",\"https:\/\/www.linkedin.com\/company\/microsula\",\"https:\/\/twitter.com\/microsula\"],\"logo\":{\"@type\":\"ImageObject\",\"@id\":\"https:\/\/www.microsula.com\/en\/#logo\",\"inLanguage\":\"es-PA\",\"url\":\"https:\/\/www.microsula.com\/wp-content\/uploads\/2021\/12\/logo-dark.png\",\"contentUrl\":\"https:\/\/www.microsula.com\/wp-content\/uploads\/2021\/12\/logo-dark.png\",\"width\":419,\"height\":90,\"caption\":\"Microsula\"},\"image\":{\"@id\":\"https:\/\/www.microsula.com\/en\/#logo\"}},{\"@type\":\"WebSite\",\"@id\":\"https:\/\/www.microsula.com\/en\/#website\",\"url\":\"https:\/\/www.microsula.com\/en\/\",\"name\":\"Microsula\",\"description\":\"Your best partner in Cyber Technology\",\"publisher\":{\"@id\":\"https:\/\/www.microsula.com\/en\/#organization\"},\"potentialAction\":[{\"@type\":\"SearchAction\",\"target\":{\"@type\":\"EntryPoint\",\"urlTemplate\":\"https:\/\/www.microsula.com\/en\/?s={search_term_string}\"},\"query-input\":\"required name=search_term_string\"}],\"inLanguage\":\"es-PA\"},{\"@type\":\"ImageObject\",\"@id\":\"https:\/\/www.microsula.com\/pa\/servicios\/seguridad\/#primaryimage\",\"inLanguage\":\"es-PA\",\"url\":\"https:\/\/www.microsula.com\/wp-content\/uploads\/2022\/02\/cybersecurity-03-2.png\",\"contentUrl\":\"https:\/\/www.microsula.com\/wp-content\/uploads\/2022\/02\/cybersecurity-03-2.png\",\"width\":512,\"height\":512},{\"@type\":\"WebPage\",\"@id\":\"https:\/\/www.microsula.com\/pa\/servicios\/seguridad\/#webpage\",\"url\":\"https:\/\/www.microsula.com\/pa\/servicios\/seguridad\/\",\"name\":\"Seguridad | Microsula\",\"isPartOf\":{\"@id\":\"https:\/\/www.microsula.com\/en\/#website\"},\"primaryImageOfPage\":{\"@id\":\"https:\/\/www.microsula.com\/pa\/servicios\/seguridad\/#primaryimage\"},\"datePublished\":\"2022-02-13T16:45:19+00:00\",\"dateModified\":\"2022-02-14T15:17:47+00:00\",\"description\":\"Mant\u00e9n tu negocio seguro con la mejor tecnolog\u00eda Servicio de Ciberseguridad La ciberseguridad siempre est\u00e1 evolucionando y nuestros expertos en consultor\u00eda de ciberseguridad est\u00e1n aqu\u00ed para ayudarlo a navegar estas tendencias. Muchas peque\u00f1as empresas no tienen los recursos o la experienc\",\"breadcrumb\":{\"@id\":\"https:\/\/www.microsula.com\/pa\/servicios\/seguridad\/#breadcrumb\"},\"inLanguage\":\"es-PA\",\"potentialAction\":[{\"@type\":\"ReadAction\",\"target\":[\"https:\/\/www.microsula.com\/pa\/servicios\/seguridad\/\"]}]},{\"@type\":\"BreadcrumbList\",\"@id\":\"https:\/\/www.microsula.com\/pa\/servicios\/seguridad\/#breadcrumb\",\"itemListElement\":[{\"@type\":\"ListItem\",\"position\":1,\"name\":\"Inicio\",\"item\":\"https:\/\/www.microsula.com\/pa\/\"},{\"@type\":\"ListItem\",\"position\":2,\"name\":\"Servicios\",\"item\":\"https:\/\/www.microsula.com\/pa\/servicios\/\"},{\"@type\":\"ListItem\",\"position\":3,\"name\":\"Seguridad\"}]}]}<\/script>\n<!-- \/ Yoast SEO Premium plugin. -->","yoast_head_json":{"title":"Seguridad | Microsula","description":"Mant\u00e9n tu negocio seguro con la mejor tecnolog\u00eda   Servicio de Ciberseguridad   La ciberseguridad siempre est\u00e1 evolucionando y nuestros expertos en consultor\u00eda de ciberseguridad est\u00e1n aqu\u00ed para ayudarlo a navegar estas tendencias. Muchas peque\u00f1as empresas no tienen los recursos o la experienc","robots":{"index":"index","follow":"follow","max-snippet":"max-snippet:-1","max-image-preview":"max-image-preview:large","max-video-preview":"max-video-preview:-1"},"canonical":"https:\/\/www.microsula.com\/pa\/servicios\/seguridad\/","og_locale":"es_ES","og_type":"article","og_title":"Seguridad","og_description":"Mant\u00e9n tu negocio seguro con la mejor tecnolog\u00eda   Servicio de Ciberseguridad   La ciberseguridad siempre est\u00e1 evolucionando y nuestros expertos en consultor\u00eda de ciberseguridad est\u00e1n aqu\u00ed para ayudarlo a navegar estas tendencias. Muchas peque\u00f1as empresas no tienen los recursos o la experienc","og_url":"https:\/\/www.microsula.com\/pa\/servicios\/seguridad\/","og_site_name":"Microsula","article_publisher":"https:\/\/www.facebook.com\/microsula\/","article_modified_time":"2022-02-14T15:17:47+00:00","og_image":[{"url":"https:\/\/www.microsula.com\/wp-content\/uploads\/2022\/02\/cybersecurity-03-2.png"}],"twitter_card":"summary_large_image","twitter_site":"@microsula","twitter_misc":{"Est. reading time":"2 minutes"},"schema":{"@context":"https:\/\/schema.org","@graph":[{"@type":"Organization","@id":"https:\/\/www.microsula.com\/en\/#organization","name":"Microsula","url":"https:\/\/www.microsula.com\/en\/","sameAs":["https:\/\/www.facebook.com\/microsula\/","https:\/\/www.linkedin.com\/company\/microsula","https:\/\/twitter.com\/microsula"],"logo":{"@type":"ImageObject","@id":"https:\/\/www.microsula.com\/en\/#logo","inLanguage":"es-PA","url":"https:\/\/www.microsula.com\/wp-content\/uploads\/2021\/12\/logo-dark.png","contentUrl":"https:\/\/www.microsula.com\/wp-content\/uploads\/2021\/12\/logo-dark.png","width":419,"height":90,"caption":"Microsula"},"image":{"@id":"https:\/\/www.microsula.com\/en\/#logo"}},{"@type":"WebSite","@id":"https:\/\/www.microsula.com\/en\/#website","url":"https:\/\/www.microsula.com\/en\/","name":"Microsula","description":"Your best partner in Cyber Technology","publisher":{"@id":"https:\/\/www.microsula.com\/en\/#organization"},"potentialAction":[{"@type":"SearchAction","target":{"@type":"EntryPoint","urlTemplate":"https:\/\/www.microsula.com\/en\/?s={search_term_string}"},"query-input":"required name=search_term_string"}],"inLanguage":"es-PA"},{"@type":"ImageObject","@id":"https:\/\/www.microsula.com\/pa\/servicios\/seguridad\/#primaryimage","inLanguage":"es-PA","url":"https:\/\/www.microsula.com\/wp-content\/uploads\/2022\/02\/cybersecurity-03-2.png","contentUrl":"https:\/\/www.microsula.com\/wp-content\/uploads\/2022\/02\/cybersecurity-03-2.png","width":512,"height":512},{"@type":"WebPage","@id":"https:\/\/www.microsula.com\/pa\/servicios\/seguridad\/#webpage","url":"https:\/\/www.microsula.com\/pa\/servicios\/seguridad\/","name":"Seguridad | Microsula","isPartOf":{"@id":"https:\/\/www.microsula.com\/en\/#website"},"primaryImageOfPage":{"@id":"https:\/\/www.microsula.com\/pa\/servicios\/seguridad\/#primaryimage"},"datePublished":"2022-02-13T16:45:19+00:00","dateModified":"2022-02-14T15:17:47+00:00","description":"Mant\u00e9n tu negocio seguro con la mejor tecnolog\u00eda Servicio de Ciberseguridad La ciberseguridad siempre est\u00e1 evolucionando y nuestros expertos en consultor\u00eda de ciberseguridad est\u00e1n aqu\u00ed para ayudarlo a navegar estas tendencias. Muchas peque\u00f1as empresas no tienen los recursos o la experienc","breadcrumb":{"@id":"https:\/\/www.microsula.com\/pa\/servicios\/seguridad\/#breadcrumb"},"inLanguage":"es-PA","potentialAction":[{"@type":"ReadAction","target":["https:\/\/www.microsula.com\/pa\/servicios\/seguridad\/"]}]},{"@type":"BreadcrumbList","@id":"https:\/\/www.microsula.com\/pa\/servicios\/seguridad\/#breadcrumb","itemListElement":[{"@type":"ListItem","position":1,"name":"Inicio","item":"https:\/\/www.microsula.com\/pa\/"},{"@type":"ListItem","position":2,"name":"Servicios","item":"https:\/\/www.microsula.com\/pa\/servicios\/"},{"@type":"ListItem","position":3,"name":"Seguridad"}]}]}},"_links":{"self":[{"href":"https:\/\/www.microsula.com\/pa\/wp-json\/wp\/v2\/pages\/39451"}],"collection":[{"href":"https:\/\/www.microsula.com\/pa\/wp-json\/wp\/v2\/pages"}],"about":[{"href":"https:\/\/www.microsula.com\/pa\/wp-json\/wp\/v2\/types\/page"}],"author":[{"embeddable":true,"href":"https:\/\/www.microsula.com\/pa\/wp-json\/wp\/v2\/users\/1"}],"replies":[{"embeddable":true,"href":"https:\/\/www.microsula.com\/pa\/wp-json\/wp\/v2\/comments?post=39451"}],"version-history":[{"count":4,"href":"https:\/\/www.microsula.com\/pa\/wp-json\/wp\/v2\/pages\/39451\/revisions"}],"predecessor-version":[{"id":39491,"href":"https:\/\/www.microsula.com\/pa\/wp-json\/wp\/v2\/pages\/39451\/revisions\/39491"}],"up":[{"embeddable":true,"href":"https:\/\/www.microsula.com\/pa\/wp-json\/wp\/v2\/pages\/38936"}],"wp:attachment":[{"href":"https:\/\/www.microsula.com\/pa\/wp-json\/wp\/v2\/media?parent=39451"}],"curies":[{"name":"wp","href":"https:\/\/api.w.org\/{rel}","templated":true}]}}